{"id":1674,"date":"2017-05-05T10:50:45","date_gmt":"2017-05-05T10:50:45","guid":{"rendered":"http:\/\/export-1.test-tangibledesign.net\/?page_id=1674"},"modified":"2023-02-17T19:38:36","modified_gmt":"2023-02-17T21:38:36","slug":"contact","status":"publish","type":"page","link":"https:\/\/www.casasparaty.com.br\/imoveis\/contact\/","title":{"rendered":"Contato"},"content":{"rendered":"<p>[vc_row full_width=&#8221;stretch_row&#8221; equal_height=&#8221;yes&#8221; css=&#8221;.vc_custom_1494337711020{margin-bottom: 48px !important;}&#8221;][vc_column width=&#8221;1\/3&#8243; css=&#8221;.vc_custom_1494336662073{padding-right: 24px !important;}&#8221;]<div class=\"mh-heading-wrapper--left \">\n\t\n        <div class=\"mh-heading-wrapper\">\n            <h2            class=\"mh-heading  mh-heading--bottom-separator   \"\n            style=\"font-weight:700;\">\n\t\t\tFale Conosco        <\/h2>\n\n\t\t    <\/div>\n\n\t<\/div>\n<div class=\"wpcf7 no-js\" id=\"wpcf7-f3476-o1\" lang=\"pt-BR\" dir=\"ltr\" data-wpcf7-id=\"3476\">\n<div class=\"screen-reader-response\"><p role=\"status\" aria-live=\"polite\" aria-atomic=\"true\"><\/p> <ul><\/ul><\/div>\n<form action=\"\/imoveis\/wp-json\/wp\/v2\/pages\/1674#wpcf7-f3476-o1\" method=\"post\" class=\"wpcf7-form init\" aria-label=\"Formul\u00e1rios de contato\" novalidate=\"novalidate\" data-status=\"init\">\n<div style=\"display: none;\">\n<input type=\"hidden\" name=\"_wpcf7\" value=\"3476\" \/>\n<input type=\"hidden\" name=\"_wpcf7_version\" value=\"6.0.6\" \/>\n<input type=\"hidden\" name=\"_wpcf7_locale\" value=\"pt_BR\" \/>\n<input type=\"hidden\" name=\"_wpcf7_unit_tag\" value=\"wpcf7-f3476-o1\" \/>\n<input type=\"hidden\" name=\"_wpcf7_container_post\" value=\"0\" \/>\n<input type=\"hidden\" name=\"_wpcf7_posted_data_hash\" value=\"\" \/>\n<input type=\"hidden\" name=\"_wpcf7_recaptcha_response\" value=\"\" \/>\n<\/div>\n<p><label> Seu nome (obrigat\u00f3rio)<br \/>\n<span class=\"wpcf7-form-control-wrap\" data-name=\"your-name\"><input size=\"40\" maxlength=\"400\" class=\"wpcf7-form-control wpcf7-text wpcf7-validates-as-required\" aria-required=\"true\" aria-invalid=\"false\" value=\"\" type=\"text\" name=\"your-name\" \/><\/span> <\/label>\n<\/p>\n<p><label> Seu e-mail (obrigat\u00f3rio)<br \/>\n<span class=\"wpcf7-form-control-wrap\" data-name=\"your-email\"><input size=\"40\" maxlength=\"400\" class=\"wpcf7-form-control wpcf7-email wpcf7-validates-as-required wpcf7-text wpcf7-validates-as-email\" aria-required=\"true\" aria-invalid=\"false\" value=\"\" type=\"email\" name=\"your-email\" \/><\/span> <\/label>\n<\/p>\n<p><label> Seu Telefone (obrigat\u00f3rio)<br \/>\n<span class=\"wpcf7-form-control-wrap\" data-name=\"telefone\"><input size=\"40\" maxlength=\"400\" class=\"wpcf7-form-control wpcf7-text wpcf7-validates-as-required\" aria-required=\"true\" aria-invalid=\"false\" value=\"\" type=\"text\" name=\"telefone\" \/><\/span> <\/label>\n<\/p>\n<p><label> C\u00f3digo do Im\u00f3vel<br \/>\n<span class=\"wpcf7-form-control-wrap\" data-name=\"cdigodoimvel\"><input size=\"40\" maxlength=\"400\" class=\"wpcf7-form-control wpcf7-text\" aria-invalid=\"false\" value=\"\" type=\"text\" name=\"cdigodoimvel\" \/><\/span> <\/label>\n<\/p>\n<p><label> Assunto<br \/>\n<span class=\"wpcf7-form-control-wrap\" data-name=\"your-subject\"><input size=\"40\" maxlength=\"400\" class=\"wpcf7-form-control wpcf7-text\" aria-invalid=\"false\" value=\"\" type=\"text\" name=\"your-subject\" \/><\/span> <\/label>\n<\/p>\n<p><label> Sua mensagem<br \/>\n<span class=\"wpcf7-form-control-wrap\" data-name=\"your-message\"><textarea cols=\"40\" rows=\"10\" maxlength=\"2000\" class=\"wpcf7-form-control wpcf7-textarea\" aria-invalid=\"false\" name=\"your-message\"><\/textarea><\/span> <\/label>\n<\/p>\n<p><input class=\"wpcf7-form-control wpcf7-submit has-spinner\" type=\"submit\" value=\"Enviar\" \/>\n<\/p><div class=\"wpcf7-response-output\" aria-hidden=\"true\"><\/div>\n<\/form>\n<\/div>\n[\/vc_column][vc_column width=&#8221;1\/3&#8243; css=&#8221;.vc_custom_1494336828259{padding-right: 24px !important;padding-left: 24px !important;background-color: #f4f4f4 !important;}&#8221;][vc_column_text]Disponibilizamos esta p\u00e1gina pa o esclarecimento de d\u00favidas e informa\u00e7\u00f5es referentes a nossos im\u00f3veis.<\/p>\n<p><strong>Email:<\/strong> contato@casasparaty.com.br[\/vc_column_text][\/vc_column][vc_column width=&#8221;1\/3&#8243; css=&#8221;.vc_custom_1494336835635{padding-right: 24px !important;padding-left: 24px !important;background-color: #f4f4f4 !important;}&#8221;][vc_single_image image=&#8221;3482&#8243; img_size=&#8221;full&#8221;][vc_column_text]Paraty est\u00e1 localizada no sul Fluminense, cidade aconchegante com forte presen\u00e7a hist\u00f3rica, traduzida em seu rico casario hist\u00f3rico e com natureza exuberante.<\/p>\n<p>A Casas Paraty tem o compromisso de oferecer ao nosso cliente um atendimento qualificado.<\/p>\n<p><strong>Segunda a sexta:<\/strong> 9:00h as 17:00h<br \/>\n<strong>S\u00e1bado:<\/strong> 9:00h as 13:00h<br \/>\n<strong>Domingo:<\/strong> Fechado[\/vc_column_text][\/vc_column][\/vc_row]<\/p>\n","protected":false},"excerpt":{"rendered":"<p>[vc_row full_width=&#8221;stretch_row&#8221; equal_height=&#8221;yes&#8221; css=&#8221;.vc_custom_1494337711020{margin-bottom: 48px !important;}&#8221;][vc_column width=&#8221;1\/3&#8243; css=&#8221;.vc_custom_1494336662073{padding-right: 24px !important;}&#8221;][\/vc_column][vc_column width=&#8221;1\/3&#8243; css=&#8221;.vc_custom_1494336828259{padding-right: 24px !important;padding-left: 24px !important;background-color: #f4f4f4 !important;}&#8221;][vc_column_text]Disponibilizamos esta p\u00e1gina pa o esclarecimento de d\u00favidas e informa\u00e7\u00f5es referentes a nossos im\u00f3veis. Email: contato@casasparaty.com.br[\/vc_column_text][\/vc_column][vc_column width=&#8221;1\/3&#8243; css=&#8221;.vc_custom_1494336835635{padding-right: 24px !important;padding-left: 24px !important;background-color: #f4f4f4 !important;}&#8221;][vc_single_image image=&#8221;3482&#8243; img_size=&#8221;full&#8221;][vc_column_text]Paraty est\u00e1 localizada no sul Fluminense, cidade aconchegante com forte presen\u00e7a hist\u00f3rica, traduzida [&hellip;]<\/p>\n","protected":false},"author":1,"featured_media":0,"parent":0,"menu_order":0,"comment_status":"closed","ping_status":"closed","template":"page_full-width-with-top-title.php","meta":{"_joinchat":[],"footnotes":""},"class_list":["post-1674","page","type-page","status-publish","hentry"],"acf":[],"yoast_head":"<!-- This site is optimized with the Yoast SEO Premium plugin v24.7 (Yoast SEO v27.0) - https:\/\/yoast.com\/product\/yoast-seo-premium-wordpress\/ -->\n<title>Contato - Imobili\u00e1ria Casas Paraty<\/title>\n<meta name=\"robots\" content=\"index, follow, max-snippet:-1, max-image-preview:large, max-video-preview:-1\" \/>\n<link rel=\"canonical\" href=\"https:\/\/www.casasparaty.com.br\/imoveis\/contact\/\" \/>\n<meta property=\"og:locale\" content=\"pt_BR\" \/>\n<meta property=\"og:type\" content=\"article\" \/>\n<meta property=\"og:title\" content=\"Contato\" \/>\n<meta property=\"og:description\" content=\"[vc_row full_width=&#8221;stretch_row&#8221; equal_height=&#8221;yes&#8221; css=&#8221;.vc_custom_1494337711020{margin-bottom: 48px !important;}&#8221;][vc_column width=&#8221;1\/3&#8243; css=&#8221;.vc_custom_1494336662073{padding-right: 24px !important;}&#8221;][\/vc_column][vc_column width=&#8221;1\/3&#8243; css=&#8221;.vc_custom_1494336828259{padding-right: 24px !important;padding-left: 24px !important;background-color: #f4f4f4 !important;}&#8221;][vc_column_text]Disponibilizamos esta p\u00e1gina pa o esclarecimento de d\u00favidas e informa\u00e7\u00f5es referentes a nossos im\u00f3veis. Email: contato@casasparaty.com.br[\/vc_column_text][\/vc_column][vc_column width=&#8221;1\/3&#8243; css=&#8221;.vc_custom_1494336835635{padding-right: 24px !important;padding-left: 24px !important;background-color: #f4f4f4 !important;}&#8221;][vc_single_image image=&#8221;3482&#8243; img_size=&#8221;full&#8221;][vc_column_text]Paraty est\u00e1 localizada no sul Fluminense, cidade aconchegante com forte presen\u00e7a hist\u00f3rica, traduzida [&hellip;]\" \/>\n<meta property=\"og:url\" content=\"https:\/\/www.casasparaty.com.br\/imoveis\/contact\/\" \/>\n<meta property=\"og:site_name\" content=\"Imobili\u00e1ria Casas Paraty\" \/>\n<meta property=\"article:modified_time\" content=\"2023-02-17T21:38:36+00:00\" \/>\n<meta property=\"og:image\" content=\"https:\/\/www.casasparaty.com.br\/imoveis\/wp-content\/uploads\/2025\/06\/logo-facebook.png\" \/>\n\t<meta property=\"og:image:width\" content=\"184\" \/>\n\t<meta property=\"og:image:height\" content=\"200\" \/>\n\t<meta property=\"og:image:type\" content=\"image\/png\" \/>\n<meta name=\"twitter:card\" content=\"summary_large_image\" \/>\n<meta name=\"twitter:label1\" content=\"Est. tempo de leitura\" \/>\n\t<meta name=\"twitter:data1\" content=\"1 minuto\" \/>\n<script type=\"application\/ld+json\" class=\"yoast-schema-graph\">{\"@context\":\"https:\/\/schema.org\",\"@graph\":[{\"@type\":\"WebPage\",\"@id\":\"https:\/\/www.casasparaty.com.br\/imoveis\/contact\/\",\"url\":\"https:\/\/www.casasparaty.com.br\/imoveis\/contact\/\",\"name\":\"Contato - Imobili\u00e1ria Casas Paraty\",\"isPartOf\":{\"@id\":\"https:\/\/www.casasparaty.com.br\/imoveis\/#website\"},\"datePublished\":\"2017-05-05T10:50:45+00:00\",\"dateModified\":\"2023-02-17T21:38:36+00:00\",\"breadcrumb\":{\"@id\":\"https:\/\/www.casasparaty.com.br\/imoveis\/contact\/#breadcrumb\"},\"inLanguage\":\"pt-BR\",\"potentialAction\":[{\"@type\":\"ReadAction\",\"target\":[\"https:\/\/www.casasparaty.com.br\/imoveis\/contact\/\"]}]},{\"@type\":\"BreadcrumbList\",\"@id\":\"https:\/\/www.casasparaty.com.br\/imoveis\/contact\/#breadcrumb\",\"itemListElement\":[{\"@type\":\"ListItem\",\"position\":1,\"name\":\"In\u00edcio\",\"item\":\"https:\/\/www.casasparaty.com.br\/imoveis\/\"},{\"@type\":\"ListItem\",\"position\":2,\"name\":\"Contato\"}]},{\"@type\":\"WebSite\",\"@id\":\"https:\/\/www.casasparaty.com.br\/imoveis\/#website\",\"url\":\"https:\/\/www.casasparaty.com.br\/imoveis\/\",\"name\":\"Imobili\u00e1ria Casas Paraty\",\"description\":\"Nosso site tem o compromisso fundamentado com nosso cliente para levar as melhores ofertas e a comodidade de um atendimento diferenciado.\",\"publisher\":{\"@id\":\"https:\/\/www.casasparaty.com.br\/imoveis\/#\/schema\/person\/67702f8ad6aa9c8c7fedcf3c0df0ea70\"},\"alternateName\":\"Casas Paraty Im\u00f3veis\",\"potentialAction\":[{\"@type\":\"SearchAction\",\"target\":{\"@type\":\"EntryPoint\",\"urlTemplate\":\"https:\/\/www.casasparaty.com.br\/imoveis\/?s={search_term_string}\"},\"query-input\":{\"@type\":\"PropertyValueSpecification\",\"valueRequired\":true,\"valueName\":\"search_term_string\"}}],\"inLanguage\":\"pt-BR\"},{\"@type\":[\"Person\",\"Organization\"],\"@id\":\"https:\/\/www.casasparaty.com.br\/imoveis\/#\/schema\/person\/67702f8ad6aa9c8c7fedcf3c0df0ea70\",\"name\":\"admin\",\"image\":{\"@type\":\"ImageObject\",\"inLanguage\":\"pt-BR\",\"@id\":\"https:\/\/www.casasparaty.com.br\/imoveis\/#\/schema\/person\/image\/\",\"url\":\"https:\/\/www.casasparaty.com.br\/imoveis\/wp-content\/uploads\/2025\/06\/logo-facebook.png\",\"contentUrl\":\"https:\/\/www.casasparaty.com.br\/imoveis\/wp-content\/uploads\/2025\/06\/logo-facebook.png\",\"width\":184,\"height\":200,\"caption\":\"admin\"},\"logo\":{\"@id\":\"https:\/\/www.casasparaty.com.br\/imoveis\/#\/schema\/person\/image\/\"},\"ownershipFundingInfo\":\"https:\/\/www.casasparaty.com.br\/imoveis\/servicos\/\"}]}<\/script>\n<!-- \/ Yoast SEO Premium plugin. -->","yoast_head_json":{"title":"Contato - Imobili\u00e1ria Casas Paraty","robots":{"index":"index","follow":"follow","max-snippet":"max-snippet:-1","max-image-preview":"max-image-preview:large","max-video-preview":"max-video-preview:-1"},"canonical":"https:\/\/www.casasparaty.com.br\/imoveis\/contact\/","og_locale":"pt_BR","og_type":"article","og_title":"Contato","og_description":"[vc_row full_width=&#8221;stretch_row&#8221; equal_height=&#8221;yes&#8221; css=&#8221;.vc_custom_1494337711020{margin-bottom: 48px !important;}&#8221;][vc_column width=&#8221;1\/3&#8243; css=&#8221;.vc_custom_1494336662073{padding-right: 24px !important;}&#8221;][\/vc_column][vc_column width=&#8221;1\/3&#8243; css=&#8221;.vc_custom_1494336828259{padding-right: 24px !important;padding-left: 24px !important;background-color: #f4f4f4 !important;}&#8221;][vc_column_text]Disponibilizamos esta p\u00e1gina pa o esclarecimento de d\u00favidas e informa\u00e7\u00f5es referentes a nossos im\u00f3veis. Email: contato@casasparaty.com.br[\/vc_column_text][\/vc_column][vc_column width=&#8221;1\/3&#8243; css=&#8221;.vc_custom_1494336835635{padding-right: 24px !important;padding-left: 24px !important;background-color: #f4f4f4 !important;}&#8221;][vc_single_image image=&#8221;3482&#8243; img_size=&#8221;full&#8221;][vc_column_text]Paraty est\u00e1 localizada no sul Fluminense, cidade aconchegante com forte presen\u00e7a hist\u00f3rica, traduzida [&hellip;]","og_url":"https:\/\/www.casasparaty.com.br\/imoveis\/contact\/","og_site_name":"Imobili\u00e1ria Casas Paraty","article_modified_time":"2023-02-17T21:38:36+00:00","og_image":[{"width":184,"height":200,"url":"https:\/\/www.casasparaty.com.br\/imoveis\/wp-content\/uploads\/2025\/06\/logo-facebook.png","type":"image\/png"}],"twitter_card":"summary_large_image","twitter_misc":{"Est. tempo de leitura":"1 minuto"},"schema":{"@context":"https:\/\/schema.org","@graph":[{"@type":"WebPage","@id":"https:\/\/www.casasparaty.com.br\/imoveis\/contact\/","url":"https:\/\/www.casasparaty.com.br\/imoveis\/contact\/","name":"Contato - Imobili\u00e1ria Casas Paraty","isPartOf":{"@id":"https:\/\/www.casasparaty.com.br\/imoveis\/#website"},"datePublished":"2017-05-05T10:50:45+00:00","dateModified":"2023-02-17T21:38:36+00:00","breadcrumb":{"@id":"https:\/\/www.casasparaty.com.br\/imoveis\/contact\/#breadcrumb"},"inLanguage":"pt-BR","potentialAction":[{"@type":"ReadAction","target":["https:\/\/www.casasparaty.com.br\/imoveis\/contact\/"]}]},{"@type":"BreadcrumbList","@id":"https:\/\/www.casasparaty.com.br\/imoveis\/contact\/#breadcrumb","itemListElement":[{"@type":"ListItem","position":1,"name":"In\u00edcio","item":"https:\/\/www.casasparaty.com.br\/imoveis\/"},{"@type":"ListItem","position":2,"name":"Contato"}]},{"@type":"WebSite","@id":"https:\/\/www.casasparaty.com.br\/imoveis\/#website","url":"https:\/\/www.casasparaty.com.br\/imoveis\/","name":"Imobili\u00e1ria Casas Paraty","description":"Nosso site tem o compromisso fundamentado com nosso cliente para levar as melhores ofertas e a comodidade de um atendimento diferenciado.","publisher":{"@id":"https:\/\/www.casasparaty.com.br\/imoveis\/#\/schema\/person\/67702f8ad6aa9c8c7fedcf3c0df0ea70"},"alternateName":"Casas Paraty Im\u00f3veis","potentialAction":[{"@type":"SearchAction","target":{"@type":"EntryPoint","urlTemplate":"https:\/\/www.casasparaty.com.br\/imoveis\/?s={search_term_string}"},"query-input":{"@type":"PropertyValueSpecification","valueRequired":true,"valueName":"search_term_string"}}],"inLanguage":"pt-BR"},{"@type":["Person","Organization"],"@id":"https:\/\/www.casasparaty.com.br\/imoveis\/#\/schema\/person\/67702f8ad6aa9c8c7fedcf3c0df0ea70","name":"admin","image":{"@type":"ImageObject","inLanguage":"pt-BR","@id":"https:\/\/www.casasparaty.com.br\/imoveis\/#\/schema\/person\/image\/","url":"https:\/\/www.casasparaty.com.br\/imoveis\/wp-content\/uploads\/2025\/06\/logo-facebook.png","contentUrl":"https:\/\/www.casasparaty.com.br\/imoveis\/wp-content\/uploads\/2025\/06\/logo-facebook.png","width":184,"height":200,"caption":"admin"},"logo":{"@id":"https:\/\/www.casasparaty.com.br\/imoveis\/#\/schema\/person\/image\/"},"ownershipFundingInfo":"https:\/\/www.casasparaty.com.br\/imoveis\/servicos\/"}]}},"_links":{"self":[{"href":"https:\/\/www.casasparaty.com.br\/imoveis\/wp-json\/wp\/v2\/pages\/1674","targetHints":{"allow":["GET"]}}],"collection":[{"href":"https:\/\/www.casasparaty.com.br\/imoveis\/wp-json\/wp\/v2\/pages"}],"about":[{"href":"https:\/\/www.casasparaty.com.br\/imoveis\/wp-json\/wp\/v2\/types\/page"}],"author":[{"embeddable":true,"href":"https:\/\/www.casasparaty.com.br\/imoveis\/wp-json\/wp\/v2\/users\/1"}],"replies":[{"embeddable":true,"href":"https:\/\/www.casasparaty.com.br\/imoveis\/wp-json\/wp\/v2\/comments?post=1674"}],"version-history":[{"count":11,"href":"https:\/\/www.casasparaty.com.br\/imoveis\/wp-json\/wp\/v2\/pages\/1674\/revisions"}],"predecessor-version":[{"id":5735,"href":"https:\/\/www.casasparaty.com.br\/imoveis\/wp-json\/wp\/v2\/pages\/1674\/revisions\/5735"}],"wp:attachment":[{"href":"https:\/\/www.casasparaty.com.br\/imoveis\/wp-json\/wp\/v2\/media?parent=1674"}],"curies":[{"name":"wp","href":"https:\/\/api.w.org\/{rel}","templated":true}]}}